{"id":121,"date":"2014-09-21T10:41:11","date_gmt":"2014-09-21T08:41:11","guid":{"rendered":"http:\/\/www.klueber-meyer-online.de\/Wordpress\/?page_id=121"},"modified":"2026-04-05T15:41:09","modified_gmt":"2026-04-05T13:41:09","slug":"der-strand","status":"publish","type":"page","link":"https:\/\/www.klueber-meyer-online.de\/Wordpress\/der-strand\/","title":{"rendered":"Der Strand"},"content":{"rendered":"\n\t\t<style type=\"text\/css\">\n\t\t\t#gallery-1 {\n\t\t\t\tmargin: auto;\n\t\t\t}\n\t\t\t#gallery-1 .gallery-item {\n\t\t\t\tfloat: left;\n\t\t\t\tmargin-top: 10px;\n\t\t\t\ttext-align: center;\n\t\t\t\twidth: 33%;\n\t\t\t}\n\t\t\t#gallery-1 img {\n\t\t\t\tborder: 2px solid #cfcfcf;\n\t\t\t}\n\t\t\t#gallery-1 .gallery-caption {\n\t\t\t\tmargin-left: 0;\n\t\t\t}\n\t\t\t\/* see gallery_shortcode() in wp-includes\/media.php *\/\n\t\t<\/style>\n\t\t<div id='gallery-1' class='gallery galleryid-121 gallery-columns-3 gallery-size-thumbnail'><dl class='gallery-item'>\n\t\t\t<dt class='gallery-icon landscape'>\n\t\t\t\t<a class=\"grouped_elements\" rel=\"tc-fancybox-group\" href=\"https:\/\/www.klueber-meyer-online.de\/Wordpress\/wp-content\/uploads\/2026\/04\/20250505_203836-scaled.jpg\" title=\"20250505_203836\"><img loading=\"lazy\" decoding=\"async\" width=\"150\" height=\"150\" src=\"https:\/\/www.klueber-meyer-online.de\/Wordpress\/wp-content\/uploads\/2026\/04\/20250505_203836-150x150.jpg\" class=\"attachment-thumbnail size-thumbnail\" alt=\"\" srcset=\"https:\/\/www.klueber-meyer-online.de\/Wordpress\/wp-content\/uploads\/2026\/04\/20250505_203836-150x150.jpg 150w, https:\/\/www.klueber-meyer-online.de\/Wordpress\/wp-content\/uploads\/2026\/04\/20250505_203836-144x144.jpg 144w\" sizes=\"auto, (max-width: 150px) 100vw, 150px\" \/><\/a>\n\t\t\t<\/dt><\/dl><dl class='gallery-item'>\n\t\t\t<dt class='gallery-icon landscape'>\n\t\t\t\t<a class=\"grouped_elements\" rel=\"tc-fancybox-group\" href=\"https:\/\/www.klueber-meyer-online.de\/Wordpress\/wp-content\/uploads\/2026\/04\/20250517_161617-scaled.jpg\" title=\"20250517_161617\"><img loading=\"lazy\" decoding=\"async\" width=\"150\" height=\"150\" src=\"https:\/\/www.klueber-meyer-online.de\/Wordpress\/wp-content\/uploads\/2026\/04\/20250517_161617-150x150.jpg\" class=\"attachment-thumbnail size-thumbnail\" alt=\"\" srcset=\"https:\/\/www.klueber-meyer-online.de\/Wordpress\/wp-content\/uploads\/2026\/04\/20250517_161617-150x150.jpg 150w, https:\/\/www.klueber-meyer-online.de\/Wordpress\/wp-content\/uploads\/2026\/04\/20250517_161617-144x144.jpg 144w\" sizes=\"auto, (max-width: 150px) 100vw, 150px\" \/><\/a>\n\t\t\t<\/dt><\/dl><dl class='gallery-item'>\n\t\t\t<dt class='gallery-icon landscape'>\n\t\t\t\t<a class=\"grouped_elements\" rel=\"tc-fancybox-group\" href=\"https:\/\/www.klueber-meyer-online.de\/Wordpress\/wp-content\/uploads\/2026\/04\/20250505_2035201-scaled.jpg\" title=\"20250505_203520(1)\"><img loading=\"lazy\" decoding=\"async\" width=\"150\" height=\"150\" src=\"https:\/\/www.klueber-meyer-online.de\/Wordpress\/wp-content\/uploads\/2026\/04\/20250505_2035201-150x150.jpg\" class=\"attachment-thumbnail size-thumbnail\" alt=\"\" srcset=\"https:\/\/www.klueber-meyer-online.de\/Wordpress\/wp-content\/uploads\/2026\/04\/20250505_2035201-150x150.jpg 150w, https:\/\/www.klueber-meyer-online.de\/Wordpress\/wp-content\/uploads\/2026\/04\/20250505_2035201-144x144.jpg 144w\" sizes=\"auto, (max-width: 150px) 100vw, 150px\" \/><\/a>\n\t\t\t<\/dt><\/dl><br style=\"clear: both\" \/><dl class='gallery-item'>\n\t\t\t<dt class='gallery-icon landscape'>\n\t\t\t\t<a class=\"grouped_elements\" rel=\"tc-fancybox-group\" href=\"https:\/\/www.klueber-meyer-online.de\/Wordpress\/wp-content\/uploads\/2026\/04\/20250508_180828-scaled.jpg\" title=\"20250508_180828\"><img loading=\"lazy\" decoding=\"async\" width=\"150\" height=\"150\" src=\"https:\/\/www.klueber-meyer-online.de\/Wordpress\/wp-content\/uploads\/2026\/04\/20250508_180828-150x150.jpg\" class=\"attachment-thumbnail size-thumbnail\" alt=\"\" srcset=\"https:\/\/www.klueber-meyer-online.de\/Wordpress\/wp-content\/uploads\/2026\/04\/20250508_180828-150x150.jpg 150w, https:\/\/www.klueber-meyer-online.de\/Wordpress\/wp-content\/uploads\/2026\/04\/20250508_180828-144x144.jpg 144w\" sizes=\"auto, (max-width: 150px) 100vw, 150px\" \/><\/a>\n\t\t\t<\/dt><\/dl><dl class='gallery-item'>\n\t\t\t<dt class='gallery-icon landscape'>\n\t\t\t\t<a class=\"grouped_elements\" rel=\"tc-fancybox-group\" href=\"https:\/\/www.klueber-meyer-online.de\/Wordpress\/wp-content\/uploads\/2026\/04\/20250511_1326041.jpg\" title=\"20250511_132604(1)\"><img loading=\"lazy\" decoding=\"async\" width=\"150\" height=\"150\" src=\"https:\/\/www.klueber-meyer-online.de\/Wordpress\/wp-content\/uploads\/2026\/04\/20250511_1326041-150x150.jpg\" class=\"attachment-thumbnail size-thumbnail\" alt=\"\" srcset=\"https:\/\/www.klueber-meyer-online.de\/Wordpress\/wp-content\/uploads\/2026\/04\/20250511_1326041-150x150.jpg 150w, https:\/\/www.klueber-meyer-online.de\/Wordpress\/wp-content\/uploads\/2026\/04\/20250511_1326041-144x144.jpg 144w\" sizes=\"auto, (max-width: 150px) 100vw, 150px\" \/><\/a>\n\t\t\t<\/dt><\/dl><dl class='gallery-item'>\n\t\t\t<dt class='gallery-icon landscape'>\n\t\t\t\t<a class=\"grouped_elements\" rel=\"tc-fancybox-group\" href=\"https:\/\/www.klueber-meyer-online.de\/Wordpress\/wp-content\/uploads\/2026\/04\/20250505_2036041-scaled.jpg\" title=\"20250505_203604(1)\"><img loading=\"lazy\" decoding=\"async\" width=\"150\" height=\"150\" src=\"https:\/\/www.klueber-meyer-online.de\/Wordpress\/wp-content\/uploads\/2026\/04\/20250505_2036041-150x150.jpg\" class=\"attachment-thumbnail size-thumbnail\" alt=\"\" srcset=\"https:\/\/www.klueber-meyer-online.de\/Wordpress\/wp-content\/uploads\/2026\/04\/20250505_2036041-150x150.jpg 150w, https:\/\/www.klueber-meyer-online.de\/Wordpress\/wp-content\/uploads\/2026\/04\/20250505_2036041-144x144.jpg 144w\" sizes=\"auto, (max-width: 150px) 100vw, 150px\" \/><\/a>\n\t\t\t<\/dt><\/dl><br style=\"clear: both\" \/><dl class='gallery-item'>\n\t\t\t<dt class='gallery-icon landscape'>\n\t\t\t\t<a class=\"grouped_elements\" rel=\"tc-fancybox-group\" href=\"https:\/\/www.klueber-meyer-online.de\/Wordpress\/wp-content\/uploads\/2026\/04\/20250509_184413-scaled.jpg\" title=\"20250509_184413\"><img loading=\"lazy\" decoding=\"async\" width=\"150\" height=\"150\" src=\"https:\/\/www.klueber-meyer-online.de\/Wordpress\/wp-content\/uploads\/2026\/04\/20250509_184413-150x150.jpg\" class=\"attachment-thumbnail size-thumbnail\" alt=\"\" srcset=\"https:\/\/www.klueber-meyer-online.de\/Wordpress\/wp-content\/uploads\/2026\/04\/20250509_184413-150x150.jpg 150w, https:\/\/www.klueber-meyer-online.de\/Wordpress\/wp-content\/uploads\/2026\/04\/20250509_184413-144x144.jpg 144w\" sizes=\"auto, (max-width: 150px) 100vw, 150px\" \/><\/a>\n\t\t\t<\/dt><\/dl>\n\t\t\t<br style='clear: both' \/>\n\t\t<\/div>\n\n<p>Der kilometerlange Strand l\u00e4dt zu vielen Aktivit\u00e4ten ein: je nach Wetter und Laune zum Baden und Sonnenbaden, Drachenfliegen, Spazieren gehen, Walken oder Joggen. F\u00fcr alle Altersgruppen und Interessenlagen ist was dabei. Und wer dabei hungrig oder durstig wird: kein Problem. Es gibt zahlreiche nette Strandlokale.<\/p>\n<p><img decoding=\"async\" class=\"ngg_displayed_gallery mceItem\" src=\"http:\/\/www.klueber-meyer-online.de\/Wordpress\/nextgen-attach_to_post\/preview\/id--542\" alt=\"\" \/><\/p>\n<p>&nbsp;<\/p>\n","protected":false},"excerpt":{"rendered":"<p>Der kilometerlange Strand l\u00e4dt zu vielen Aktivit\u00e4ten ein: je nach Wetter und Laune zum Baden und Sonnenbaden, Drachenfliegen, Spazieren gehen, Walken oder Joggen. F\u00fcr alle Altersgruppen und Interessenlagen ist was dabei. Und wer dabei hungrig oder durstig wird: kein Problem. Es gibt zahlreiche nette Strandlokale. &nbsp;<\/p>\n","protected":false},"author":2,"featured_media":0,"parent":0,"menu_order":0,"comment_status":"closed","ping_status":"closed","template":"","meta":{"footnotes":""},"class_list":["post-121","page","type-page","status-publish","czr-hentry"],"_links":{"self":[{"href":"https:\/\/www.klueber-meyer-online.de\/Wordpress\/wp-json\/wp\/v2\/pages\/121","targetHints":{"allow":["GET"]}}],"collection":[{"href":"https:\/\/www.klueber-meyer-online.de\/Wordpress\/wp-json\/wp\/v2\/pages"}],"about":[{"href":"https:\/\/www.klueber-meyer-online.de\/Wordpress\/wp-json\/wp\/v2\/types\/page"}],"author":[{"embeddable":true,"href":"https:\/\/www.klueber-meyer-online.de\/Wordpress\/wp-json\/wp\/v2\/users\/2"}],"replies":[{"embeddable":true,"href":"https:\/\/www.klueber-meyer-online.de\/Wordpress\/wp-json\/wp\/v2\/comments?post=121"}],"version-history":[{"count":14,"href":"https:\/\/www.klueber-meyer-online.de\/Wordpress\/wp-json\/wp\/v2\/pages\/121\/revisions"}],"predecessor-version":[{"id":1222,"href":"https:\/\/www.klueber-meyer-online.de\/Wordpress\/wp-json\/wp\/v2\/pages\/121\/revisions\/1222"}],"wp:attachment":[{"href":"https:\/\/www.klueber-meyer-online.de\/Wordpress\/wp-json\/wp\/v2\/media?parent=121"}],"curies":[{"name":"wp","href":"https:\/\/api.w.org\/{rel}","templated":true}]}}