{"id":1091,"date":"2023-06-12T14:38:22","date_gmt":"2023-06-12T12:38:22","guid":{"rendered":"https:\/\/www.klueber-meyer-online.de\/Wordpress\/?page_id=1091"},"modified":"2025-07-16T17:38:05","modified_gmt":"2025-07-16T15:38:05","slug":"die-umgebung","status":"publish","type":"page","link":"https:\/\/www.klueber-meyer-online.de\/Wordpress\/die-umgebung\/","title":{"rendered":"Die Umgebung"},"content":{"rendered":"<div class=\"sek-dyn-ui-wrapper sek-column-dyn-ui \">\n<div class=\"sek-dyn-ui-location-type\" title=\"Edit column settings\" data-sek-click-on=\"edit-options\">\n<div class=\"sek-dyn-ui-location-inner\">\n<div class=\"sek-dyn-ui-hamb-menu-wrapper sek-collapsed\">\n<div class=\"sek-ham__toggler-spn-wrapper\">\n<table>\n<tbody>\n<tr>\n<td style=\"width: 150px;\"><img loading=\"lazy\" decoding=\"async\" class=\"wp-image-1092 alignleft\" src=\"https:\/\/www.klueber-meyer-online.de\/Wordpress\/wp-content\/uploads\/2021\/05\/20200820_204851-300x142.jpg\" alt=\"\" width=\"500\" height=\"237\" srcset=\"https:\/\/www.klueber-meyer-online.de\/Wordpress\/wp-content\/uploads\/2021\/05\/20200820_204851-300x142.jpg 300w, https:\/\/www.klueber-meyer-online.de\/Wordpress\/wp-content\/uploads\/2021\/05\/20200820_204851-1024x485.jpg 1024w, https:\/\/www.klueber-meyer-online.de\/Wordpress\/wp-content\/uploads\/2021\/05\/20200820_204851-768x363.jpg 768w, https:\/\/www.klueber-meyer-online.de\/Wordpress\/wp-content\/uploads\/2021\/05\/20200820_204851-1536x727.jpg 1536w, https:\/\/www.klueber-meyer-online.de\/Wordpress\/wp-content\/uploads\/2021\/05\/20200820_204851-2048x969.jpg 2048w\" sizes=\"auto, (max-width: 500px) 100vw, 500px\" \/><\/td>\n<td style=\"width: 120px;\">Der Bungalowpark \u201cStrandslag\u201d in Julianadorp liegt ca. 5 km s\u00fcdlich von Den-Helder. Die H\u00e4user \/ Appartements dieses Parks liegen ca. 400 Meter hinter dem wei\u00dfen Nordseestrand und den D\u00fcnen, nur durch eine kleine Uferstrasse getrennt. Im Park findet ihr: Abenteuerspielplatz mit kleinem Badesee, Bowlingbahn, Minigolf, Fahrrad\/Bollerwagenverleih, kleines Restaurant, etc.. W\u00e4schetrockner befinden sich im Versorgungsgeb\u00e4ude des Parks und k\u00f6nnen gegen Entgelt genutzt werden.<\/td>\n<\/tr>\n<\/tbody>\n<\/table>\n<\/div>\n<\/div>\n<div><\/div>\n<div class=\"sek-dyn-ui-level-type\"><img loading=\"lazy\" decoding=\"async\" class=\"alignnone size-medium wp-image-23\" src=\"https:\/\/www.klueber-meyer-online.de\/Wordpress\/wp-content\/uploads\/Lageplan_ue-klein-300x225.jpg\" alt=\"\" width=\"300\" height=\"225\" srcset=\"https:\/\/www.klueber-meyer-online.de\/Wordpress\/wp-content\/uploads\/Lageplan_ue-klein-300x225.jpg 300w, https:\/\/www.klueber-meyer-online.de\/Wordpress\/wp-content\/uploads\/Lageplan_ue-klein.jpg 640w\" sizes=\"auto, (max-width: 300px) 100vw, 300px\" \/><img loading=\"lazy\" decoding=\"async\" class=\"size-medium wp-image-19 alignleft\" src=\"https:\/\/www.klueber-meyer-online.de\/Wordpress\/wp-content\/uploads\/Karte_klein-203x300.jpg\" alt=\"\" width=\"203\" height=\"300\" srcset=\"https:\/\/www.klueber-meyer-online.de\/Wordpress\/wp-content\/uploads\/Karte_klein-203x300.jpg 203w, https:\/\/www.klueber-meyer-online.de\/Wordpress\/wp-content\/uploads\/Karte_klein.jpg 300w\" sizes=\"auto, (max-width: 203px) 100vw, 203px\" \/><\/div>\n<\/div>\n<\/div>\n<\/div>\n<div class=\"sek-column-inner ui-sortable\">\n<div class=\"sek-module\" title=\"Edit module settings\" data-sek-level=\"module\" data-sek-id=\"__nimble__a80af9eb0384\" data-sek-module-type=\"czr_tiny_mce_editor_module\" data-sek-lazy-bg=\"true\" data-sek-preview-level-guid=\"93E14437DE48\">\n<div class=\"sek-module-inner\">\n<div title=\"Click to edit\" data-sek-input-type=\"detached_tinymce_editor\" data-sek-input-id=\"content\">\n<p>&nbsp;<\/p>\n<\/div>\n<\/div>\n<\/div>\n<\/div>\n","protected":false},"excerpt":{"rendered":"<p>Der Bungalowpark \u201cStrandslag\u201d in Julianadorp liegt ca. 5 km s\u00fcdlich von Den-Helder. Die H\u00e4user \/ Appartements dieses Parks liegen ca. 400 Meter hinter dem wei\u00dfen Nordseestrand und den D\u00fcnen, nur durch eine kleine Uferstrasse getrennt. Im Park findet ihr: Abenteuerspielplatz mit kleinem Badesee, Bowlingbahn, Minigolf, Fahrrad\/Bollerwagenverleih, kleines Restaurant, etc.. W\u00e4schetrockner befinden sich im Versorgungsgeb\u00e4ude des [&hellip;]<\/p>\n","protected":false},"author":2,"featured_media":0,"parent":0,"menu_order":0,"comment_status":"closed","ping_status":"closed","template":"","meta":{"footnotes":""},"class_list":["post-1091","page","type-page","status-publish","czr-hentry"],"_links":{"self":[{"href":"https:\/\/www.klueber-meyer-online.de\/Wordpress\/wp-json\/wp\/v2\/pages\/1091","targetHints":{"allow":["GET"]}}],"collection":[{"href":"https:\/\/www.klueber-meyer-online.de\/Wordpress\/wp-json\/wp\/v2\/pages"}],"about":[{"href":"https:\/\/www.klueber-meyer-online.de\/Wordpress\/wp-json\/wp\/v2\/types\/page"}],"author":[{"embeddable":true,"href":"https:\/\/www.klueber-meyer-online.de\/Wordpress\/wp-json\/wp\/v2\/users\/2"}],"replies":[{"embeddable":true,"href":"https:\/\/www.klueber-meyer-online.de\/Wordpress\/wp-json\/wp\/v2\/comments?post=1091"}],"version-history":[{"count":4,"href":"https:\/\/www.klueber-meyer-online.de\/Wordpress\/wp-json\/wp\/v2\/pages\/1091\/revisions"}],"predecessor-version":[{"id":1192,"href":"https:\/\/www.klueber-meyer-online.de\/Wordpress\/wp-json\/wp\/v2\/pages\/1091\/revisions\/1192"}],"wp:attachment":[{"href":"https:\/\/www.klueber-meyer-online.de\/Wordpress\/wp-json\/wp\/v2\/media?parent=1091"}],"curies":[{"name":"wp","href":"https:\/\/api.w.org\/{rel}","templated":true}]}}